{"id":1062,"date":"2023-04-01T03:09:14","date_gmt":"2023-04-01T09:09:14","guid":{"rendered":"http:\/\/wordpress.templaza.net\/autoshowroom\/?page_id=1062"},"modified":"2026-03-25T19:51:02","modified_gmt":"2026-03-26T01:51:02","slug":"servicios","status":"publish","type":"page","link":"https:\/\/www.autoconfia.com\/en\/servicios\/","title":{"rendered":"Servicios"},"content":{"rendered":"<section class=\"wpb-content-wrapper\"><div class=\"vc_row wpb_row vc_row-fluid vc_row-gradient-none6a071f03ded89 vc_custom_1468233807507\"><div class=\"container\"><div class=\"row tz-row\"><div class=\"wpb_column vc_column_container vc_col-sm-6\"><div class=\"vc_column-inner\"><div class=\"wpb_wrapper\" >    <div class=\"autoshowroom-title  autoshowroom-title-left\">\r\n                    <h2 class=\"AutoshowroomTitle\"            >\r\n                Conoce Nuestros <em>Servicios<\/em>            <\/h2>\r\n                    <p>\r\n        Adem\u00e1s de la venta de autos, tambi\u00e9n ofrecemos servicios adicionales, como mantenimiento, consignaci\u00f3n, compra de autos y toma de autos a cuenta.        <\/p>\r\n                 <\/div>\r\n    <div class=\"vc_empty_space\"   style=\"height: 32px\"><span class=\"vc_empty_space_inner\"><\/span><\/div><div class=\"vc_row wpb_row vc_inner vc_row-fluid\"><div class=\"wpb_column vc_column_container vc_col-sm-6\"><div class=\"vc_column-inner\"><div class=\"wpb_wrapper\">    <div class=\"autoshowroom-list list_style-1\">\r\n        \n<ul>\n<li><i class=\"fas fa-check\"><\/i>Inventario Propio<\/li>\n<li><i class=\"fas fa-check\"><\/i>Compra de autos a particulares<\/li>\n<li><i class=\"fas fa-check\"><\/i>Compra de autos a empresas<\/li>\n<\/ul>\n    <\/div>\r\n    <\/div><\/div><\/div><div class=\"wpb_column vc_column_container vc_col-sm-6\"><div class=\"vc_column-inner\"><div class=\"wpb_wrapper\">    <div class=\"autoshowroom-list list_style-1\">\r\n        \n<ul>\n<li><i class=\"fas fa-check\"><\/i>Toma de auto a cuenta<\/li>\n<li><i class=\"fas fa-check\"><\/i>Consignaci\u00f3n de autos<\/li>\n<\/ul>\n    <\/div>\r\n    <\/div><\/div><\/div><\/div><\/div><\/div><\/div><div class=\"wpb_column vc_column_container vc_col-sm-6\"><div class=\"vc_column-inner\"><div class=\"wpb_wrapper\" >    <div class=\"autoshowroom-lightgallery\">\r\n        <ul id=\"lightgallery-6a071f03df8b2\" class=\"row tz_lightgallery\">\r\n                        <li class=\"light-gallery-item col-xs-12 col-sm-6 col-md-6\"\r\n                style=\"padding:15px\"\r\n                data-src=\"https:\/\/www.autoconfia.com\/wp-content\/uploads\/2026\/02\/IMG_1863-scaled.jpg\">\r\n                <img class=\"light-thumb\" style=\"border-radius:10px\" src=\"https:\/\/www.autoconfia.com\/wp-content\/uploads\/2026\/02\/IMG_1863-1024x683.jpg\" alt=\"\"\/>\r\n            <\/li>\r\n                <li class=\"light-gallery-item col-xs-12 col-sm-6 col-md-6\"\r\n                style=\"padding:15px\"\r\n                data-src=\"https:\/\/www.autoconfia.com\/wp-content\/uploads\/2026\/02\/IMG_1538-scaled.jpg\">\r\n                <img class=\"light-thumb\" style=\"border-radius:10px\" src=\"https:\/\/www.autoconfia.com\/wp-content\/uploads\/2026\/02\/IMG_1538-1024x683.jpg\" alt=\"\"\/>\r\n            <\/li>\r\n                <li class=\"light-gallery-item col-xs-12 col-sm-6 col-md-6\"\r\n                style=\"padding:15px\"\r\n                data-src=\"https:\/\/www.autoconfia.com\/wp-content\/uploads\/2026\/02\/IMG_1325-scaled.jpg\">\r\n                <img class=\"light-thumb\" style=\"border-radius:10px\" src=\"https:\/\/www.autoconfia.com\/wp-content\/uploads\/2026\/02\/IMG_1325-1024x683.jpg\" alt=\"\"\/>\r\n            <\/li>\r\n                <li class=\"light-gallery-item col-xs-12 col-sm-6 col-md-6\"\r\n                style=\"padding:15px\"\r\n                data-src=\"https:\/\/www.autoconfia.com\/wp-content\/uploads\/2026\/02\/IMG_2185-scaled.jpg\">\r\n                <img class=\"light-thumb\" style=\"border-radius:10px\" src=\"https:\/\/www.autoconfia.com\/wp-content\/uploads\/2026\/02\/IMG_2185-1024x683.jpg\" alt=\"\"\/>\r\n            <\/li>\r\n            <\/ul>\r\n    <\/div>\r\n    <script type=\"text\/javascript\">\r\n        jQuery(document).ready(function(){\r\n            jQuery('#lightgallery-6a071f03df8b2').each(function(){\r\n                jQuery(this).lightGallery();\r\n            })\r\n        });\r\n    <\/script>\r\n    <\/div><\/div><\/div><\/div><\/div><\/div><div data-vc-parallax=\"1.5\" data-vc-parallax-image=\"https:\/\/www.autoconfia.com\/wp-content\/uploads\/2019\/12\/Hue_Saturation-1.jpg\" class=\"vc_row wpb_row vc_row-fluid vc_row-gradient-none6a071f03e0ac3 vc_custom_1682471918376 vc_row-has-fill vc_general vc_parallax vc_parallax-content-moving\"><div class=\"container\"><div class=\"row tz-row\"><div class=\"wpb_column vc_column_container vc_col-sm-4\"><div class=\"vc_column-inner\"><div class=\"wpb_wrapper\" ><div class=\"vc_icon_element vc_icon_element-outer vc_icon_element-align-left\"><div class=\"vc_icon_element-inner vc_icon_element-color-custom vc_icon_element-size-md vc_icon_element-style- vc_icon_element-background-color-grey\" ><span class=\"vc_icon_element-icon fas fa-car-alt\" style=\"color:#5688ad !important\"><\/span><\/div><\/div>    <div class=\"autoshowroom-our-process yesleft\">\r\n                    <div class=\"autoshowroom-counter-icon\">\r\n                <i class=\"fas fa-car\" ><\/i>\r\n            <\/div>\r\n                    \r\n                    <h3 class=\"autoshowroom-name-process\" style=\"color:#ffffff\" >\r\n                Inventario propio<\/h3>\r\n                                <p class=\"autoshowroom-description-process\">\r\n                <span style=\"color: #edebeb;\">Todas nuestras unidades son minuciosamente diagnosticadas, reacondicionadas y filtradas legalmente antes de adquirirse por lo que puedes estar tranquilo al adquirir tu auto con nosotros, adem\u00e1s todas nuestras unidades incluyen un a\u00f1o de garant\u00eda sin costo.<br \/>\n<\/span>            <\/p>\r\n            \r\n            <\/div>\r\n    <div class=\"vc_empty_space\"   style=\"height: 108px\"><span class=\"vc_empty_space_inner\"><\/span><\/div><div class=\"vc_icon_element vc_icon_element-outer vc_icon_element-align-left\"><div class=\"vc_icon_element-inner vc_icon_element-color-custom vc_icon_element-size-md vc_icon_element-style- vc_icon_element-background-color-grey\" ><span class=\"vc_icon_element-icon fas fa-exchange-alt\" style=\"color:#5688ad !important\"><\/span><\/div><\/div>    <div class=\"autoshowroom-our-process yesleft\">\r\n                    <div class=\"autoshowroom-counter-icon\">\r\n                <i class=\"fas fa-hand-holding-usd\" ><\/i>\r\n            <\/div>\r\n                    \r\n                    <h3 class=\"autoshowroom-name-process\" style=\"color:#ffffff\" >\r\n                Toma de auto a cuenta<\/h3>\r\n                                <p class=\"autoshowroom-description-process\">\r\n                <span style=\"color: #edebeb;\">\u00a1Queremos ayudarte a cambiar de auto f\u00e1cilmente! En nuestro concesionario aceptamos tu auto a cuenta de la compra de nuestros veh\u00edculos. Obt\u00e9n una valoraci\u00f3n justa y competitiva para tu auto y apl\u00edcala al pago de tu nuevo veh\u00edculo. Nuestro equipo de expertos te ayudar\u00e1 en todo el proceso para que puedas adquirir el auto que buscas, en poco tiempo. \u00a1Cont\u00e1ctanos hoy mismo para obtener m\u00e1s informaci\u00f3n sobre esta opci\u00f3n!<br \/>\n<\/span>            <\/p>\r\n            \r\n            <\/div>\r\n    <\/div><\/div><\/div><div class=\"wpb_column vc_column_container vc_col-sm-4\"><div class=\"vc_column-inner\"><div class=\"wpb_wrapper\" ><div class=\"vc_icon_element vc_icon_element-outer vc_icon_element-align-left\"><div class=\"vc_icon_element-inner vc_icon_element-color-custom vc_icon_element-size-md vc_icon_element-style- vc_icon_element-background-color-grey\" ><span class=\"vc_icon_element-icon fas fa-car-side\" style=\"color:#5688ad !important\"><\/span><\/div><\/div>    <div class=\"autoshowroom-our-process yesleft\">\r\n                    <div class=\"autoshowroom-counter-icon\">\r\n                <i class=\"fas fa-user-friends\" ><\/i>\r\n            <\/div>\r\n                    \r\n                    <h3 class=\"autoshowroom-name-process\" style=\"color:#ffffff\" >\r\n                Compra de autos a particulares<\/h3>\r\n                                <p class=\"autoshowroom-description-process\">\r\n                <span style=\"color: #edebeb;\">Nos complace ofrecerte la posibilidad de vender tu auto de forma segura y confiable con nuestro equipo especializado en la compra de veh\u00edculos usados. Nos encargamos de todo el proceso para que puedas obtener el mejor precio por su auto de manera f\u00e1cil y r\u00e1pida. \u00a1Cont\u00e1ctanos hoy mismo para obtener una cotizaci\u00f3n gratuita!<br \/>\n<\/span>            <\/p>\r\n            \r\n            <\/div>\r\n    <div class=\"vc_empty_space\"   style=\"height: 80px\"><span class=\"vc_empty_space_inner\"><\/span><\/div><div class=\"vc_icon_element vc_icon_element-outer vc_icon_element-align-left\"><div class=\"vc_icon_element-inner vc_icon_element-color-custom vc_icon_element-size-md vc_icon_element-style- vc_icon_element-background-color-grey\" ><span class=\"vc_icon_element-icon fas fa-history\" style=\"color:#5688ad !important\"><\/span><\/div><\/div>    <div class=\"autoshowroom-our-process yesleft\">\r\n                    <div class=\"autoshowroom-counter-icon\">\r\n                <i class=\"fas fa-car-side\" ><\/i>\r\n            <\/div>\r\n                    \r\n                    <h3 class=\"autoshowroom-name-process\" style=\"color:#ffffff\" >\r\n                Consignaci\u00f3n de autos<\/h3>\r\n                                <p class=\"autoshowroom-description-process\">\r\n                <span style=\"color: #edebeb;\">\u00bfNecesitas vender tu auto usado pero no tienes el tiempo o la experiencia para hacerlo? \u00a1Cons\u00edguelo con nosotros! Ofrecemos un servicio de consignaci\u00f3n de autos usados en el que nos encargamos de todo el proceso de venta por ti, cobrando una comisi\u00f3n competitiva.<br \/>\n<\/span>            <\/p>\r\n            \r\n            <\/div>\r\n    <\/div><\/div><\/div><div class=\"wpb_column vc_column_container vc_col-sm-4\"><div class=\"vc_column-inner\"><div class=\"wpb_wrapper\" ><div class=\"vc_icon_element vc_icon_element-outer vc_icon_element-align-left\"><div class=\"vc_icon_element-inner vc_icon_element-color-custom vc_icon_element-size-md vc_icon_element-style- vc_icon_element-background-color-grey\" ><span class=\"vc_icon_element-icon fas fa-truck-pickup\" style=\"color:#5688ad !important\"><\/span><\/div><\/div>    <div class=\"autoshowroom-our-process yesleft\">\r\n                    <div class=\"autoshowroom-counter-icon\">\r\n                <i class=\"far fa-building\" ><\/i>\r\n            <\/div>\r\n                    \r\n                    <h3 class=\"autoshowroom-name-process\" style=\"color:#ffffff\" >\r\n                Compra de autos a empresas<\/h3>\r\n                                <p class=\"autoshowroom-description-process\">\r\n                <span style=\"color: #edebeb;\">Ofrecemos un servicio especializado para empresas que necesitan vender sus veh\u00edculos usados de forma segura y confiable. Nuestro equipo de expertos se encarga de todo el proceso para que su empresa pueda obtener el mejor precio por sus veh\u00edculos de manera f\u00e1cil y r\u00e1pida. \u00a1Cont\u00e1ctenos hoy mismo para obtener una cotizaci\u00f3n gratuita y descubrir c\u00f3mo podemos ayudar a su empresa a optimizar su flota de veh\u00edculos!<br \/>\n<\/span>            <\/p>\r\n            \r\n            <\/div>\r\n    <\/div><\/div><\/div><\/div><\/div><\/div>\n<\/section>","protected":false},"excerpt":{"rendered":"Conoce Nuestros Servicios Adem\u00e1s de la venta de autos, tambi\u00e9n ofrecemos servicios adicionales, como mantenimiento, consignaci\u00f3n, compra de autos y toma de autos a cuenta. Inventario Propio Compra de autos a particulares Compra de autos a empresas Toma de auto a cuenta Consignaci\u00f3n de autos Inventario propio Todas nuestras unidades [...]","protected":false},"author":4,"featured_media":0,"parent":0,"menu_order":0,"comment_status":"closed","ping_status":"closed","template":"template-service.php","meta":{"_coblocks_attr":"","_coblocks_dimensions":"","_coblocks_responsive_height":"","_coblocks_accordion_ie_support":""},"_links":{"self":[{"href":"https:\/\/www.autoconfia.com\/en\/wp-json\/wp\/v2\/pages\/1062"}],"collection":[{"href":"https:\/\/www.autoconfia.com\/en\/wp-json\/wp\/v2\/pages"}],"about":[{"href":"https:\/\/www.autoconfia.com\/en\/wp-json\/wp\/v2\/types\/page"}],"author":[{"embeddable":true,"href":"https:\/\/www.autoconfia.com\/en\/wp-json\/wp\/v2\/users\/4"}],"replies":[{"embeddable":true,"href":"https:\/\/www.autoconfia.com\/en\/wp-json\/wp\/v2\/comments?post=1062"}],"version-history":[{"count":15,"href":"https:\/\/www.autoconfia.com\/en\/wp-json\/wp\/v2\/pages\/1062\/revisions"}],"predecessor-version":[{"id":11551,"href":"https:\/\/www.autoconfia.com\/en\/wp-json\/wp\/v2\/pages\/1062\/revisions\/11551"}],"wp:attachment":[{"href":"https:\/\/www.autoconfia.com\/en\/wp-json\/wp\/v2\/media?parent=1062"}],"curies":[{"name":"wp","href":"https:\/\/api.w.org\/{rel}","templated":true}]}}