{"id":1678,"date":"2023-03-30T07:39:09","date_gmt":"2023-03-30T13:39:09","guid":{"rendered":"http:\/\/wordpress.templaza.net\/autoshowroom\/?page_id=1678"},"modified":"2026-03-25T19:57:39","modified_gmt":"2026-03-26T01:57:39","slug":"vende-tu-auto","status":"publish","type":"page","link":"https:\/\/www.autoconfia.com\/en\/vende-tu-auto\/","title":{"rendered":"Vende tu auto"},"content":{"rendered":"<section class=\"wpb-content-wrapper\"><div class=\"vc_row wpb_row vc_row-fluid vc_row-gradient-none6a071ef7792c2\"><div class=\"no_container\"><div class=\"wpb_column vc_column_container vc_col-sm-12\"><div class=\"vc_column-inner\"><div class=\"wpb_wrapper\" >    <div class=\"autoshowroom-title  autoshowroom-title-center\">\r\n                    <h2 class=\"AutoshowroomTitle\"            >\r\n                VENDE TU AUTO F\u00c1CIL Y R\u00c1PIDO            <\/h2>\r\n                <\/div>\r\n    <div class=\"vc_row wpb_row vc_inner vc_row-fluid\"><div class=\"wpb_column vc_column_container vc_col-sm-6\"><div class=\"vc_column-inner\"><div class=\"wpb_wrapper\">\n\t<div class=\"wpb_text_column wpb_content_element\" >\n\t\t<div class=\"wpb_wrapper\">\n\t\t\t<p data-start=\"389\" data-end=\"435\">Pre oferta en tan solo 1 minuto, inspecci\u00f3n sin costo y pago inmediato despu\u00e9s de la revisi\u00f3n<\/p>\n\n\t\t<\/div>\n\t<\/div>\n<\/div><\/div><\/div><div class=\"wpb_column vc_column_container vc_col-sm-6\"><div class=\"vc_column-inner\"><div class=\"wpb_wrapper\">\n\t<div class=\"wpb_raw_code wpb_content_element wpb_raw_html\" >\n\t\t<div class=\"wpb_wrapper\">\n\t\t\t<intelimotor-valuation\nstyle=\"--primary: 54, 182, 255; --primary-light: 113, 199, 248; --primary-dark: 0, 144, 227; --primary-contrast: 255, 255, 255; --pricing: 231, 181, 0; --disabled: 156, 163, 175; --error: 225, 28, 28;\"\nvehicle-fields=\"kms\"\nvehicle-extra-fields=\"[]\"\ncontact-extra-fields='[{\"type\":\"text\",\"name\":\"Estado\/Ciudad\",\"required\":true}]'\nbusiness-units='[{\"businessUnit\":\"66feede9dae1240019577025\",\"channel\":\"Cotizador\"}]'\nfull-width\nmd-cols=\"5\"\n><\/intelimotor-valuation>\n\n\t\t<\/div>\n\t<\/div>\n<\/div><\/div><\/div><\/div><div class=\"vc_empty_space\"   style=\"height: 32px\"><span class=\"vc_empty_space_inner\"><\/span><\/div><\/div><\/div><\/div><\/div><\/div>\n<\/section>","protected":false},"excerpt":{"rendered":"VENDE TU AUTO F\u00c1CIL Y R\u00c1PIDO Pre oferta en tan solo 1 minuto, inspecci\u00f3n sin costo y pago inmediato despu\u00e9s de la revisi\u00f3n","protected":false},"author":4,"featured_media":0,"parent":0,"menu_order":0,"comment_status":"closed","ping_status":"closed","template":"","meta":{"_coblocks_attr":"","_coblocks_dimensions":"","_coblocks_responsive_height":"","_coblocks_accordion_ie_support":""},"_links":{"self":[{"href":"https:\/\/www.autoconfia.com\/en\/wp-json\/wp\/v2\/pages\/1678"}],"collection":[{"href":"https:\/\/www.autoconfia.com\/en\/wp-json\/wp\/v2\/pages"}],"about":[{"href":"https:\/\/www.autoconfia.com\/en\/wp-json\/wp\/v2\/types\/page"}],"author":[{"embeddable":true,"href":"https:\/\/www.autoconfia.com\/en\/wp-json\/wp\/v2\/users\/4"}],"replies":[{"embeddable":true,"href":"https:\/\/www.autoconfia.com\/en\/wp-json\/wp\/v2\/comments?post=1678"}],"version-history":[{"count":24,"href":"https:\/\/www.autoconfia.com\/en\/wp-json\/wp\/v2\/pages\/1678\/revisions"}],"predecessor-version":[{"id":11653,"href":"https:\/\/www.autoconfia.com\/en\/wp-json\/wp\/v2\/pages\/1678\/revisions\/11653"}],"wp:attachment":[{"href":"https:\/\/www.autoconfia.com\/en\/wp-json\/wp\/v2\/media?parent=1678"}],"curies":[{"name":"wp","href":"https:\/\/api.w.org\/{rel}","templated":true}]}}