{"id":2962,"date":"2023-04-01T09:29:54","date_gmt":"2023-04-01T15:29:54","guid":{"rendered":"http:\/\/wordpress.templaza.net\/autoshowroom\/?page_id=2962"},"modified":"2026-03-25T20:00:05","modified_gmt":"2026-03-26T02:00:05","slug":"nosotros","status":"publish","type":"page","link":"https:\/\/www.autoconfia.com\/en\/nosotros\/","title":{"rendered":"Nosotros"},"content":{"rendered":"<section class=\"wpb-content-wrapper\"><div class=\"vc_row wpb_row vc_row-fluid vc_row-gradient-none6a071ef7c41b4 vc_custom_1554517319751 vc_row-has-fill\"><div class=\"container\"><div class=\"row tz-row\"><div class=\"wpb_column vc_column_container vc_col-sm-6\"><div class=\"vc_column-inner\"><div class=\"wpb_wrapper\" >    <div class=\"autoshowroom-title  autoshowroom-title-left\">\r\n                    <h2 class=\"AutoshowroomTitle\"            >\r\n                Bienvenido a <em>AutoConf\u00eda<\/em>            <\/h2>\r\n                    <p>\r\n        <strong>En AutoConf\u00eda, estamos comprometidos en brindar a nuestros clientes , una experiencia de compra o venta de un auto seminuevo de forma excepcionalmente segura.<\/strong><\/p>\n<p>Ofrecemos una amplia variedad de fuentes de financiamiento con los principales bancos o cr\u00e9dito directo.<\/p>\n<p>Adem\u00e1s, estamos orgullosos de ofrecer garant\u00eda de 1 a\u00f1o\u00a0 o 20,000 kms en todos los veh\u00edculos que vendemos.<\/p>\n<p>Nuestro equipo altamente capacitado se dedica a guiar a nuestros clientes en cada paso del proceso de compra, desde la selecci\u00f3n del auto hasta la entrega, que podr\u00e1 asesorarte a encontrar el auto perfecto para satisfacer tus necesidades y preferencias.<\/p>\n<p>Adem\u00e1s de la venta de autos, tambi\u00e9n ofrecemos servicios adicionales, como mantenimiento, consignaci\u00f3n, compra de autos y toma de autos a cuenta.<\/p>\n<p>Nos enorgullece la satisfacci\u00f3n del cliente,\u00a0 nuestro objetivo es brindar un servicio de excelencia en todo momento. \u00a1Te invitamos a visitarnos y descubrir todo lo que tenemos para ofrecer!        <\/p>\r\n                 <\/div>\r\n        <div class=\"autoshowroom-service  style1\" >\r\n                                    <div class=\"autoshowroom-service-icon\" style=\"background-color:#ff5400\">\r\n                    <i class=\"fas fa-wrench\"><\/i>\r\n                <\/div>\r\n                                    <h3 class=\"autoshowroom-service-title\"  style=\"color:#222222\">\r\n            MISI\u00d3N        <\/h3>\r\n\r\n        <p class=\"autoshowroom-service-description\">\r\n            AutoConf\u00eda es una empresa dedicada a proporcionar a sus clientes veh\u00edculos garantizados a trav\u00e9s de una experiencia segura, confiable y accesible.        <\/p>\r\n            <\/div>\r\n        <div class=\"autoshowroom-service  style1\" >\r\n                                    <div class=\"autoshowroom-service-icon\" style=\"background-color:#ff5400\">\r\n                    <i class=\"far fa-eye\"><\/i>\r\n                <\/div>\r\n                                    <h3 class=\"autoshowroom-service-title\"  style=\"color:#222222\">\r\n            VISI\u00d3N        <\/h3>\r\n\r\n        <p class=\"autoshowroom-service-description\">\r\n            Ser una empresa que profesionalice la compra, venta y financiamiento de veh\u00edculos seminuevos, al caracterizarse por la seguridad y confianza que ofrece a sus clientes en todo el proceso de adquisici\u00f3n , venta o consignaci\u00f3n.        <\/p>\r\n            <\/div>\r\n        <div class=\"autoshowroom-service  style1\" >\r\n                                    <div class=\"autoshowroom-service-icon\" style=\"background-color:#ff5400\">\r\n                    <i class=\"fas fa-car-side\"><\/i>\r\n                <\/div>\r\n                                    <h3 class=\"autoshowroom-service-title\"  style=\"color:#222222\">\r\n            VALORES        <\/h3>\r\n\r\n        <p class=\"autoshowroom-service-description\">\r\n            -Satisfacci\u00f3n del cliente<br \/>\n-Proactividad<br \/>\n-Integridad<br \/>\n-Orden<br \/>\n-Eficiencia        <\/p>\r\n            <\/div>\r\n    <\/div><\/div><\/div><div class=\"wpb_column vc_column_container vc_col-sm-6\"><div class=\"vc_column-inner\"><div class=\"wpb_wrapper\" >    <div class=\"autoshowroom-lightgallery\">\r\n        <ul id=\"lightgallery-6a071ef7c4c3c\" class=\"row tz_lightgallery\">\r\n                        <li class=\"light-gallery-item col-xs-12 col-sm-12 col-md-12\"\r\n                style=\"padding:15px\"\r\n                data-src=\"https:\/\/www.autoconfia.com\/wp-content\/uploads\/2026\/03\/IMG_1475-scaled.jpg\">\r\n                <img class=\"light-thumb\" style=\"border-radius:5px\" src=\"https:\/\/www.autoconfia.com\/wp-content\/uploads\/2026\/03\/IMG_1475-scaled.jpg\" alt=\"\"\/>\r\n            <\/li>\r\n            <\/ul>\r\n    <\/div>\r\n    <script type=\"text\/javascript\">\r\n        jQuery(document).ready(function(){\r\n            jQuery('#lightgallery-6a071ef7c4c3c').each(function(){\r\n                jQuery(this).lightGallery();\r\n            })\r\n        });\r\n    <\/script>\r\n        <div class=\"autoshowroom-lightgallery\">\r\n        <ul id=\"lightgallery-6a071ef7c5214\" class=\"row tz_lightgallery\">\r\n                        <li class=\"light-gallery-item col-xs-12 col-sm-6 col-md-6\"\r\n                style=\"padding:15px\"\r\n                data-src=\"https:\/\/www.autoconfia.com\/wp-content\/uploads\/2026\/03\/IMG_2538-scaled.jpg\">\r\n                <img class=\"light-thumb\" style=\"border-radius:5px\" src=\"https:\/\/www.autoconfia.com\/wp-content\/uploads\/2026\/03\/IMG_2538-scaled.jpg\" alt=\"\"\/>\r\n            <\/li>\r\n                <li class=\"light-gallery-item col-xs-12 col-sm-6 col-md-6\"\r\n                style=\"padding:15px\"\r\n                data-src=\"https:\/\/www.autoconfia.com\/wp-content\/uploads\/2026\/03\/IMG_2383-scaled.jpg\">\r\n                <img class=\"light-thumb\" style=\"border-radius:5px\" src=\"https:\/\/www.autoconfia.com\/wp-content\/uploads\/2026\/03\/IMG_2383-scaled.jpg\" alt=\"\"\/>\r\n            <\/li>\r\n            <\/ul>\r\n    <\/div>\r\n    <script type=\"text\/javascript\">\r\n        jQuery(document).ready(function(){\r\n            jQuery('#lightgallery-6a071ef7c5214').each(function(){\r\n                jQuery(this).lightGallery();\r\n            })\r\n        });\r\n    <\/script>\r\n    <\/div><\/div><\/div><\/div><\/div><\/div>\n<\/section>","protected":false},"excerpt":{"rendered":"Bienvenido a AutoConf\u00eda En AutoConf\u00eda, estamos comprometidos en brindar a nuestros clientes , una experiencia de compra o venta de un auto seminuevo de forma excepcionalmente segura. Ofrecemos una amplia variedad de fuentes de financiamiento con los principales bancos o cr\u00e9dito directo. Adem\u00e1s, estamos orgullosos de ofrecer garant\u00eda de 1 [...]","protected":false},"author":4,"featured_media":0,"parent":0,"menu_order":0,"comment_status":"closed","ping_status":"closed","template":"template-about.php","meta":{"_coblocks_attr":"","_coblocks_dimensions":"","_coblocks_responsive_height":"","_coblocks_accordion_ie_support":""},"_links":{"self":[{"href":"https:\/\/www.autoconfia.com\/en\/wp-json\/wp\/v2\/pages\/2962"}],"collection":[{"href":"https:\/\/www.autoconfia.com\/en\/wp-json\/wp\/v2\/pages"}],"about":[{"href":"https:\/\/www.autoconfia.com\/en\/wp-json\/wp\/v2\/types\/page"}],"author":[{"embeddable":true,"href":"https:\/\/www.autoconfia.com\/en\/wp-json\/wp\/v2\/users\/4"}],"replies":[{"embeddable":true,"href":"https:\/\/www.autoconfia.com\/en\/wp-json\/wp\/v2\/comments?post=2962"}],"version-history":[{"count":14,"href":"https:\/\/www.autoconfia.com\/en\/wp-json\/wp\/v2\/pages\/2962\/revisions"}],"predecessor-version":[{"id":11651,"href":"https:\/\/www.autoconfia.com\/en\/wp-json\/wp\/v2\/pages\/2962\/revisions\/11651"}],"wp:attachment":[{"href":"https:\/\/www.autoconfia.com\/en\/wp-json\/wp\/v2\/media?parent=2962"}],"curies":[{"name":"wp","href":"https:\/\/api.w.org\/{rel}","templated":true}]}}