{"id":6548,"date":"2019-04-20T10:58:55","date_gmt":"2019-04-20T10:58:55","guid":{"rendered":"http:\/\/wordpress.templaza.net\/autoshowroom\/?page_id=2984"},"modified":"2026-05-13T13:04:13","modified_gmt":"2026-05-13T18:04:13","slug":"financiamiento","status":"publish","type":"page","link":"https:\/\/www.autoconfia.com\/en\/financiamiento\/","title":{"rendered":"Financiamiento"},"content":{"rendered":"<section class=\"wpb-content-wrapper\"><div class=\"vc_row wpb_row vc_row-fluid vc_row-gradient-none6a071efb2340e vc_custom_1573632368793\"><div class=\"container\"><div class=\"row tz-row\"><div class=\"wpb_column vc_column_container vc_col-sm-12\"><div class=\"vc_column-inner\"><div class=\"wpb_wrapper\" >    <div class=\"autoshowroom-title  autoshowroom-title-center\">\r\n                    <h2 class=\"AutoshowroomTitle\"            >\r\n                Contamos con diversas opciones de financiamiento, encuentra la mejor opci\u00f3n para ti            <\/h2>\r\n                    <p>\r\n        Descubre las diferentes alternativas de financiamiento disponibles comprar tu auto, desde cr\u00e9dito directo hasta financiamiento bancario,\u00a0 Te brindamos la informaci\u00f3n necesaria para que puedas tomar la mejor decisi\u00f3n y adquirir el auto que tanto deseas.        <\/p>\r\n                 <\/div>\r\n    <\/div><\/div><\/div><\/div><\/div><\/div><div class=\"vc_row wpb_row vc_row-fluid vc_row-gradient-none6a071efb24065 vc_custom_1555758814005\"><div class=\"no_container\"><div class=\"wpb_column vc_column_container vc_col-sm-12\"><div class=\"vc_column-inner\"><div class=\"wpb_wrapper\" ><div class=\"tzElement-6a071efb24339 tzElement_viewService tz_type-1\">\r\n    <div id=\"tzView_Service_Slide__7135\"\r\n         class=\"tzView_Service_Slide id-6a071efb24339\" data-desktop=\"3\"\r\n         data-landscape=\"2\"\r\n         data-portrait=\"1\"\r\n         data-mobile=\"1\">\r\n        <div class=\"tzView_Service_Slide_Item\">\r\n    <div class=\"tzView_Service_Image\">\r\n        <img width=\"1200\" height=\"1200\"\r\n             alt=\"CREDITO PRIME\" src=\"https:\/\/www.autoconfia.com\/wp-content\/uploads\/2026\/03\/web_prime.png\">\r\n    <\/div>\r\n    <div class=\"tzView_Service_Content\">\r\n        <h3 class=\"tzView_Service_Content_title\">\r\n            CREDITO PRIME        <\/h3>\r\n        <p class=\"tzView_Service_Des\">\r\n            Financiamiento bancario para clientes con buen historial crediticio. Accede a tasas competitivas, plazos c\u00f3modos y la asesor\u00eda de nuestro equipo para que puedas llevarte tu auto de forma r\u00e1pida y segura.        <\/p>\r\n            <\/div>\r\n<\/div><div class=\"tzView_Service_Slide_Item\">\r\n    <div class=\"tzView_Service_Image\">\r\n        <img width=\"1200\" height=\"1200\"\r\n             alt=\"CR\u00c9DITO FLEXIBLE\" src=\"https:\/\/www.autoconfia.com\/wp-content\/uploads\/2026\/03\/web_subprime.png\">\r\n    <\/div>\r\n    <div class=\"tzView_Service_Content\">\r\n        <h3 class=\"tzView_Service_Content_title\">\r\n            CR\u00c9DITO FLEXIBLE        <\/h3>\r\n        <p class=\"tzView_Service_Des\">\r\n            Financiamiento dise\u00f1ado para personas con poco historial crediticio o Bur\u00f3 flexible. Obt\u00e9n tu auto con enganches accesibles, aprobaci\u00f3n r\u00e1pida y un proceso sencillo.        <\/p>\r\n            <\/div>\r\n<\/div><div class=\"tzView_Service_Slide_Item\">\r\n    <div class=\"tzView_Service_Image\">\r\n        <img width=\"1200\" height=\"1200\"\r\n             alt=\"COMPRAMOS TU AUTO\" src=\"https:\/\/www.autoconfia.com\/wp-content\/uploads\/2026\/03\/COMPRA-2.png\">\r\n    <\/div>\r\n    <div class=\"tzView_Service_Content\">\r\n        <h3 class=\"tzView_Service_Content_title\">\r\n            COMPRAMOS TU AUTO        <\/h3>\r\n        <p class=\"tzView_Service_Des\">\r\n            Vende tu auto de forma r\u00e1pida y segura con AutoConf\u00eda. Realizamos una valuaci\u00f3n justa y te acompa\u00f1amos durante todo el proceso para que vendas tu veh\u00edculo sin complicaciones.        <\/p>\r\n            <\/div>\r\n<\/div>    <\/div>\r\n<\/div>\r\n\r\n<script type=\"text\/javascript\" defer>\r\n    jQuery(document).ready(function () {\r\n                jQuery('#tzView_Service_Slide__7135').each(function () {\r\n            jQuery(this).autoshowroom_owlCarousel({\r\n                loop:false,\r\n                margin: 10,\r\n                navText: [\"<i class=\\\"fas fa-caret-left\\\"><\/i>\", \"<i class=\\\"fas fa-caret-right\\\"><\/i>\"],\r\n                rewindNav: true,\r\n                responsiveClass: true,\r\n                autoplay:true,\r\n                ltl: true,\r\n                responsive: {\r\n                    0: {\r\n                        items:1,\r\n                        nav: false,\r\n                        center: false\r\n                    },\r\n                    600: {\r\n                        items:1,\r\n                        nav: false,\r\n                        center: false\r\n                    },\r\n                    1024: {\r\n                        items:2,\r\n                        nav:true,\r\n                        center: false\r\n                    },\r\n                    1200: {\r\n                        items:3,\r\n                        nav:true,\r\n                        center: false\r\n                    }\r\n                }\r\n            })\r\n        })\r\n            })\r\n<\/script>\r\n\r\n\r\n\r\n\r\n\r\n\r\n<\/div><\/div><\/div><\/div><\/div><div class=\"vc_row wpb_row vc_row-fluid vc_row-gradient-none6a071efb258e4 vc_custom_1587553900913 vc_row-has-fill\"><div class=\"container\"><div class=\"row tz-row\"><div class=\"wpb_column vc_column_container vc_col-sm-4\"><div class=\"vc_column-inner\"><div class=\"wpb_wrapper\" >    <div class=\"autoshowroom-title  autoshowroom-title-left\">\r\n                    <h2 class=\"AutoshowroomTitle\" style=\"color:#1e73be\"            >\r\n                REQUISITOS            <\/h2>\r\n                <\/div>\r\n        <div class=\"autoshowroom-our-process yesleft\">\r\n                    <div class=\"autoshowroom-counter-icon\">\r\n                <i class=\"far fa-address-card\" ><\/i>\r\n            <\/div>\r\n                                <span class=\"autoshowroom-number-process\">1.<\/span>\r\n            \r\n                    <h3 class=\"autoshowroom-name-process\" style=\"color:#1e73be\" >\r\n                Identificaci\u00f3n<\/h3>\r\n                                <p class=\"autoshowroom-description-process\">\r\n                <strong><span style=\"color: #000000;\">Identificaci\u00f3n oficial vigente (INE o pasaporte vigente).<\/span><\/strong>            <\/p>\r\n            \r\n            <\/div>\r\n        <div class=\"autoshowroom-our-process yesleft\">\r\n                    <div class=\"autoshowroom-counter-icon\">\r\n                <i class=\"far fa-file\" ><\/i>\r\n            <\/div>\r\n                                <span class=\"autoshowroom-number-process\">2.<\/span>\r\n            \r\n                    <h3 class=\"autoshowroom-name-process\" style=\"color:#1e73be\" >\r\n                Comprobante de domicilo<\/h3>\r\n                                <p class=\"autoshowroom-description-process\">\r\n                <strong><span style=\"color: #000000;\">Recibo de luz o agua, con menos de 3 meses de antig\u00fcedad<\/span><\/strong>            <\/p>\r\n            \r\n            <\/div>\r\n        <div class=\"autoshowroom-our-process yesleft\">\r\n                            <span class=\"autoshowroom-number-process\">3.<\/span>\r\n            \r\n                    <h3 class=\"autoshowroom-name-process\" style=\"color:#1e73be\" >\r\n                Comprobante de ingresos<\/h3>\r\n                                <p class=\"autoshowroom-description-process\">\r\n                <span style=\"color: #000000;\"><strong>Recibos de n\u00f3mina o \u00a0estados de cuenta de los 3 \u00faltimos meses.<\/strong><\/span>            <\/p>\r\n            \r\n            <\/div>\r\n    <\/div><\/div><\/div><div class=\"wpb_column vc_column_container vc_col-sm-4\"><div class=\"vc_column-inner\"><div class=\"wpb_wrapper\" ><div class=\"vc_empty_space\"   style=\"height: 100px\"><span class=\"vc_empty_space_inner\"><\/span><\/div>    <div class=\"autoshowroom-text-box\">\r\n                <div class=\"text-box-desc\">\r\n            <p><img decoding=\"async\" class=\"alignnone size-medium wp-image-11487\" src=\"https:\/\/www.autoconfia.com\/wp-content\/uploads\/2026\/02\/IMG_2234-300x200.jpg\" alt=\"\" width=\"300\" height=\"200\" srcset=\"https:\/\/www.autoconfia.com\/wp-content\/uploads\/2026\/02\/IMG_2234-300x200.jpg 300w, https:\/\/www.autoconfia.com\/wp-content\/uploads\/2026\/02\/IMG_2234-1024x683.jpg 1024w, https:\/\/www.autoconfia.com\/wp-content\/uploads\/2026\/02\/IMG_2234-768x512.jpg 768w, https:\/\/www.autoconfia.com\/wp-content\/uploads\/2026\/02\/IMG_2234-1536x1024.jpg 1536w, https:\/\/www.autoconfia.com\/wp-content\/uploads\/2026\/02\/IMG_2234-2048x1365.jpg 2048w, https:\/\/www.autoconfia.com\/wp-content\/uploads\/2026\/02\/IMG_2234-18x12.jpg 18w, https:\/\/www.autoconfia.com\/wp-content\/uploads\/2026\/02\/IMG_2234-600x400.jpg 600w\" sizes=\"(max-width: 300px) 100vw, 300px\" \/><\/p>\n        <\/div>\r\n    <\/div>\r\n    <\/div><\/div><\/div><\/div><\/div><\/div><div class=\"vc_row wpb_row vc_row-fluid vc_row-gradient-none6a071efb2a410 vc_custom_1555759765568\"><div class=\"container\"><div class=\"row tz-row\"><div class=\"wpb_column vc_column_container vc_col-sm-12\"><div class=\"vc_column-inner\"><div class=\"wpb_wrapper\" >    <div class=\"autoshowroom-title  autoshowroom-title-center\">\r\n                    <h2 class=\"AutoshowroomTitle\"            >\r\n                Opiniones de nuestros clientes            <\/h2>\r\n                <\/div>\r\n    \n\t<div class=\"wpb_text_column wpb_content_element\" >\n\t\t<div class=\"wpb_wrapper\">\n\t\t\t<div class=\"ti-widget ti-goog\" data-layout-id=\"36\" data-set-id=\"drop-shadow\" data-pid=\"b5167179c03e50ec942cb\" data-pager-autoplay-timeout=\"6\" > <div class=\"ti-widget-container ti-col-3\"> <div class=\"ti-reviews-container\"> <div class=\"ti-controls\"> <div class=\"ti-next\"><\/div> <div class=\"ti-prev\"><\/div> <\/div> <div class=\"ti-reviews-container-wrapper\">  <div data-empty=\"0\" class=\"ti-review-item source-Google\" > <div class=\"ti-inner\"> <div class=\"ti-review-header\"> <div class=\"ti-profile-img\"> <img src=\"https:\/\/lh3.googleusercontent.com\/a\/ACg8ocKSVaQ0yYOOJ6nYuGaeAlq8PvlHVQF8TO25OSBm9WzfPYx2Iw=s64-c-rp-mo-br100\" alt=\"Mario alberto Zapata rodriguez\" \/> <\/div> <div class=\"ti-profile-details\"> <div class=\"ti-name\"> Mario alberto Zapata rodriguez <\/div> <div class=\"ti-date\">2026-03-05<\/div> <\/div> <\/div> <span class=\"ti-stars\"><span class=\"ti-star f\"><\/span><span class=\"ti-star f\"><\/span><span class=\"ti-star f\"><\/span><span class=\"ti-star f\"><\/span><span class=\"ti-star f\"><\/span><\/span> <div class=\"ti-review-content\"><!-- R-CONTENT -->Muy buena agencia y cien por ciento recomendable y muy buen trato<!-- R-CONTENT --><\/div> <span class=\"ti-read-more\" data-container=\".ti-review-content\" data-collapse-text=\"Ocultar\" data-open-text=\"Leer m\u00e1s\"><\/span> <\/div> <\/div>  <div data-empty=\"0\" class=\"ti-review-item source-Google\" > <div class=\"ti-inner\"> <div class=\"ti-review-header\"> <div class=\"ti-profile-img\"> <img src=\"https:\/\/lh3.googleusercontent.com\/a-\/ALV-UjWaA8WMnVjwqdKgv5RsWR1wXRees5LMP6JmzCfrRDQOIRBn5dQ=s64-c-rp-mo-br100\" alt=\"Nelson Nuncio\" \/> <\/div> <div class=\"ti-profile-details\"> <div class=\"ti-name\"> Nelson Nuncio <\/div> <div class=\"ti-date\">2026-02-22<\/div> <\/div> <\/div> <span class=\"ti-stars\"><span class=\"ti-star f\"><\/span><span class=\"ti-star f\"><\/span><span class=\"ti-star f\"><\/span><span class=\"ti-star f\"><\/span><span class=\"ti-star f\"><\/span><\/span> <div class=\"ti-review-content\"><!-- R-CONTENT -->Excelentes carros 100% recomendado resuelven r\u00e1pido y excelente trat\u00f3<!-- R-CONTENT --><\/div> <span class=\"ti-read-more\" data-container=\".ti-review-content\" data-collapse-text=\"Ocultar\" data-open-text=\"Leer m\u00e1s\"><\/span> <\/div> <\/div>  <div data-empty=\"0\" class=\"ti-review-item source-Google\" > <div class=\"ti-inner\"> <div class=\"ti-review-header\"> <div class=\"ti-profile-img\"> <img src=\"https:\/\/lh3.googleusercontent.com\/a-\/ALV-UjXZ4G79yiIKLoHGJo6JL8svk_bVe9m_SSga2XyEgcUBR6qkZnBD=s64-c-rp-mo-br100\" alt=\"Angela Palacios\" \/> <\/div> <div class=\"ti-profile-details\"> <div class=\"ti-name\"> Angela Palacios <\/div> <div class=\"ti-date\">2026-02-16<\/div> <\/div> <\/div> <span class=\"ti-stars\"><span class=\"ti-star f\"><\/span><span class=\"ti-star f\"><\/span><span class=\"ti-star f\"><\/span><span class=\"ti-star f\"><\/span><span class=\"ti-star f\"><\/span><\/span> <div class=\"ti-review-content\"><!-- R-CONTENT -->Se los recomiendo 100%<!-- R-CONTENT --><\/div> <span class=\"ti-read-more\" data-container=\".ti-review-content\" data-collapse-text=\"Ocultar\" data-open-text=\"Leer m\u00e1s\"><\/span> <\/div> <\/div>  <div data-empty=\"0\" class=\"ti-review-item source-Google\" > <div class=\"ti-inner\"> <div class=\"ti-review-header\"> <div class=\"ti-profile-img\"> <img src=\"https:\/\/lh3.googleusercontent.com\/a\/ACg8ocIzvF0WAry0RPCqPieeFsDFf3eq_uNBpWSwBnaDlO0JVFfgDxpz=s64-c-rp-mo-br100\" alt=\"Carlos Chaidez\" \/> <\/div> <div class=\"ti-profile-details\"> <div class=\"ti-name\"> Carlos Chaidez <\/div> <div class=\"ti-date\">2026-02-12<\/div> <\/div> <\/div> <span class=\"ti-stars\"><span class=\"ti-star f\"><\/span><span class=\"ti-star f\"><\/span><span class=\"ti-star f\"><\/span><span class=\"ti-star f\"><\/span><span class=\"ti-star f\"><\/span><\/span> <div class=\"ti-review-content\"><!-- R-CONTENT -->Excelente agencia de seminuevos, el personal muy atento, carros de buena calidad, llevo mi segundo carro, con mi asesora Edna Marlene, recomiendo al mil, una excelente persona.<!-- R-CONTENT --><\/div> <span class=\"ti-read-more\" data-container=\".ti-review-content\" data-collapse-text=\"Ocultar\" data-open-text=\"Leer m\u00e1s\"><\/span> <\/div> <\/div>  <div data-empty=\"0\" class=\"ti-review-item source-Google\" > <div class=\"ti-inner\"> <div class=\"ti-review-header\"> <div class=\"ti-profile-img\"> <img src=\"https:\/\/lh3.googleusercontent.com\/a\/ACg8ocLSQ7HCr4nP9PQ2Tow1T0wEiJd7i6LsAizwOAwwF4uYn3h_GQ=s64-c-rp-mo-br100\" alt=\"Hector Procell juarez\" \/> <\/div> <div class=\"ti-profile-details\"> <div class=\"ti-name\"> Hector Procell juarez <\/div> <div class=\"ti-date\">2026-02-12<\/div> <\/div> <\/div> <span class=\"ti-stars\"><span class=\"ti-star f\"><\/span><span class=\"ti-star f\"><\/span><span class=\"ti-star f\"><\/span><span class=\"ti-star f\"><\/span><span class=\"ti-star f\"><\/span><\/span> <div class=\"ti-review-content\"><!-- R-CONTENT -->Excelente agencia, excelente trato, la camioneta adquirida en excelentes condiciones!<!-- R-CONTENT --><\/div> <span class=\"ti-read-more\" data-container=\".ti-review-content\" data-collapse-text=\"Ocultar\" data-open-text=\"Leer m\u00e1s\"><\/span> <\/div> <\/div>  <div data-empty=\"0\" class=\"ti-review-item source-Google\" > <div class=\"ti-inner\"> <div class=\"ti-review-header\"> <div class=\"ti-profile-img\"> <img src=\"https:\/\/lh3.googleusercontent.com\/a\/ACg8ocIoQKPeUSB8g4kHFK_mluIZ_X9EbyrC50wXQn603ixn0CwiBQ=s64-c-rp-mo-br100\" alt=\"Franco Lucio\" \/> <\/div> <div class=\"ti-profile-details\"> <div class=\"ti-name\"> Franco Lucio <\/div> <div class=\"ti-date\">2026-02-12<\/div> <\/div> <\/div> <span class=\"ti-stars\"><span class=\"ti-star f\"><\/span><span class=\"ti-star f\"><\/span><span class=\"ti-star f\"><\/span><span class=\"ti-star f\"><\/span><span class=\"ti-star f\"><\/span><\/span> <div class=\"ti-review-content\"><!-- R-CONTENT -->El proceso del cr\u00e9dito fue muy f\u00e1cil\nMe entregaron en 3 d\u00edas h\u00e1biles\nSe los recomiendo<!-- R-CONTENT --><\/div> <span class=\"ti-read-more\" data-container=\".ti-review-content\" data-collapse-text=\"Ocultar\" data-open-text=\"Leer m\u00e1s\"><\/span> <\/div> <\/div>  <div data-empty=\"0\" class=\"ti-review-item source-Google\" > <div class=\"ti-inner\"> <div class=\"ti-review-header\"> <div class=\"ti-profile-img\"> <img src=\"https:\/\/lh3.googleusercontent.com\/a\/ACg8ocLCw9W6mG6_dF48BSl8rvRU8AxKMV0iWYAjYHWqEmjdglQ7Rw=s64-c-rp-mo-br100\" alt=\"ADRIANA ESPINOSA RINCON\" \/> <\/div> <div class=\"ti-profile-details\"> <div class=\"ti-name\"> ADRIANA ESPINOSA RINCON <\/div> <div class=\"ti-date\">2026-01-31<\/div> <\/div> <\/div> <span class=\"ti-stars\"><span class=\"ti-star f\"><\/span><span class=\"ti-star f\"><\/span><span class=\"ti-star f\"><\/span><span class=\"ti-star f\"><\/span><span class=\"ti-star f\"><\/span><\/span> <div class=\"ti-review-content\"><!-- R-CONTENT -->Acabo de adquirir una camioneta me entregaron en 3 d\u00edas y los pagos me quedaron muy c\u00f3modos con muy poco enganche, es un lugar muy seguro.<!-- R-CONTENT --><\/div> <span class=\"ti-read-more\" data-container=\".ti-review-content\" data-collapse-text=\"Ocultar\" data-open-text=\"Leer m\u00e1s\"><\/span> <\/div> <\/div>  <div data-empty=\"0\" class=\"ti-review-item source-Google\" > <div class=\"ti-inner\"> <div class=\"ti-review-header\"> <div class=\"ti-profile-img\"> <img src=\"https:\/\/lh3.googleusercontent.com\/a\/ACg8ocKFksTtfeDWQ1opmOsLXyGsC-kCRYzIcnhi8wyHTSZPat7ttrs=s64-c-rp-mo-br100\" alt=\"Juan jose Barrientos\" \/> <\/div> <div class=\"ti-profile-details\"> <div class=\"ti-name\"> Juan jose Barrientos <\/div> <div class=\"ti-date\">2026-01-28<\/div> <\/div> <\/div> <span class=\"ti-stars\"><span class=\"ti-star f\"><\/span><span class=\"ti-star f\"><\/span><span class=\"ti-star f\"><\/span><span class=\"ti-star f\"><\/span><span class=\"ti-star f\"><\/span><\/span> <div class=\"ti-review-content\"><!-- R-CONTENT -->Acabo de adquirir mi camioneta aqu\u00ed fue super f\u00e1cil y sencillo se los recomiendo mucho es un lugar 100% seguro\nEn muchos lugares me ped\u00edan muchos requisitos pero aqu\u00ed todo fue muy sencillo<!-- R-CONTENT --><\/div> <span class=\"ti-read-more\" data-container=\".ti-review-content\" data-collapse-text=\"Ocultar\" data-open-text=\"Leer m\u00e1s\"><\/span> <\/div> <\/div>  <div data-empty=\"0\" class=\"ti-review-item source-Google\" > <div class=\"ti-inner\"> <div class=\"ti-review-header\"> <div class=\"ti-profile-img\"> <img src=\"https:\/\/lh3.googleusercontent.com\/a\/ACg8ocK9PWMN5-X0L-L3--bfSxJKpqhTXla5tM3xGsAEeLueuwFwAA=s64-c-rp-mo-br100\" alt=\"Maricela Castro\" \/> <\/div> <div class=\"ti-profile-details\"> <div class=\"ti-name\"> Maricela Castro <\/div> <div class=\"ti-date\">2026-01-10<\/div> <\/div> <\/div> <span class=\"ti-stars\"><span class=\"ti-star f\"><\/span><span class=\"ti-star f\"><\/span><span class=\"ti-star f\"><\/span><span class=\"ti-star f\"><\/span><span class=\"ti-star f\"><\/span><\/span> <div class=\"ti-review-content\"><!-- R-CONTENT -->Los recomiendo ampliamente por su excelente servicio, trato amable, y cualquier duda nos la aclaran satisfactoriamente<!-- R-CONTENT --><\/div> <span class=\"ti-read-more\" data-container=\".ti-review-content\" data-collapse-text=\"Ocultar\" data-open-text=\"Leer m\u00e1s\"><\/span> <\/div> <\/div>  <div data-empty=\"0\" class=\"ti-review-item source-Google\" > <div class=\"ti-inner\"> <div class=\"ti-review-header\"> <div class=\"ti-profile-img\"> <img src=\"https:\/\/lh3.googleusercontent.com\/a\/ACg8ocJyx6zdmMWKcD-w8w-_o7ODX5eMOhBd3zlKCBRzdJ8oIB-N62s=s64-c-rp-mo-br100\" alt=\"Marilu Rodriguez\" \/> <\/div> <div class=\"ti-profile-details\"> <div class=\"ti-name\"> Marilu Rodriguez <\/div> <div class=\"ti-date\">2025-12-20<\/div> <\/div> <\/div> <span class=\"ti-stars\"><span class=\"ti-star f\"><\/span><span class=\"ti-star f\"><\/span><span class=\"ti-star f\"><\/span><span class=\"ti-star f\"><\/span><span class=\"ti-star f\"><\/span><\/span> <div class=\"ti-review-content\"><!-- R-CONTENT -->Excelente atenci\u00f3n muy confiables, 100% recomendable, respuestas inmediatas opciones a elegir, excelentes promociones.<!-- R-CONTENT --><\/div> <span class=\"ti-read-more\" data-container=\".ti-review-content\" data-collapse-text=\"Ocultar\" data-open-text=\"Leer m\u00e1s\"><\/span> <\/div> <\/div>  <\/div> <div class=\"ti-controls-dots\"> <div class=\"dot active\"><\/div> <\/div> <\/div> <div class=\"ti-footer\">  <\/div> <\/div> <\/div>\n\n\t\t<\/div>\n\t<\/div>\n<\/div><\/div><\/div><\/div><\/div><\/div>\n<\/section>","protected":false},"excerpt":{"rendered":"Contamos con diversas opciones de financiamiento, encuentra la mejor opci\u00f3n para ti Descubre las diferentes alternativas de financiamiento disponibles comprar tu auto, desde cr\u00e9dito directo hasta financiamiento bancario,\u00a0 Te brindamos la informaci\u00f3n necesaria para que puedas tomar la mejor decisi\u00f3n y adquirir el auto que tanto deseas. CREDITO PRIME Financiamiento [...]","protected":false},"author":1,"featured_media":0,"parent":0,"menu_order":0,"comment_status":"closed","ping_status":"closed","template":"template-service2.php","meta":{"_coblocks_attr":"","_coblocks_dimensions":"","_coblocks_responsive_height":"","_coblocks_accordion_ie_support":""},"_links":{"self":[{"href":"https:\/\/www.autoconfia.com\/en\/wp-json\/wp\/v2\/pages\/6548"}],"collection":[{"href":"https:\/\/www.autoconfia.com\/en\/wp-json\/wp\/v2\/pages"}],"about":[{"href":"https:\/\/www.autoconfia.com\/en\/wp-json\/wp\/v2\/types\/page"}],"author":[{"embeddable":true,"href":"https:\/\/www.autoconfia.com\/en\/wp-json\/wp\/v2\/users\/1"}],"replies":[{"embeddable":true,"href":"https:\/\/www.autoconfia.com\/en\/wp-json\/wp\/v2\/comments?post=6548"}],"version-history":[{"count":35,"href":"https:\/\/www.autoconfia.com\/en\/wp-json\/wp\/v2\/pages\/6548\/revisions"}],"predecessor-version":[{"id":11566,"href":"https:\/\/www.autoconfia.com\/en\/wp-json\/wp\/v2\/pages\/6548\/revisions\/11566"}],"wp:attachment":[{"href":"https:\/\/www.autoconfia.com\/en\/wp-json\/wp\/v2\/media?parent=6548"}],"curies":[{"name":"wp","href":"https:\/\/api.w.org\/{rel}","templated":true}]}}